{"id":7333,"date":"2026-04-11T10:40:35","date_gmt":"2026-04-11T10:40:35","guid":{"rendered":"https:\/\/travel.andrea-beyer.com\/?page_id=7333"},"modified":"2026-04-11T10:42:58","modified_gmt":"2026-04-11T10:42:58","slug":"suedafrika","status":"publish","type":"page","link":"https:\/\/travel.andrea-beyer.com\/?page_id=7333","title":{"rendered":"S\u00fcdafrika"},"content":{"rendered":"\n<p><a href=\"https:\/\/de.wikipedia.org\/wiki\/S%C3%BCdafrika\">https:\/\/de.wikipedia.org\/wiki\/S%C3%BCdafrika<\/a><\/p>\n\n\n\n<div class=\"wp-block-columns is-layout-flex wp-container-core-columns-is-layout-9d6595d7 wp-block-columns-is-layout-flex\">\n<div class=\"wp-block-column is-layout-flow wp-block-column-is-layout-flow\">\n<p>Hauptstadt: Pretoria (Exekutive), Kapstadt (Legislative), Bloemfontein (Judikative)<\/p>\n\n\n\n<p>Einwohner: 62 Mio.<\/p>\n\n\n\n<p>Sprachen: Afrikaans, Englisch, S\u00fcdafrikanische Geb\u00e4rdensprache, S\u00fcd-Ndebele, isiXhosa, isiZulu, Nord-Sotho, Sesotho, Setswana, Siswati, Tshivenda, Xitsonga<\/p>\n<\/div>\n\n\n\n<div class=\"wp-block-column is-layout-flow wp-block-column-is-layout-flow\">\n<div class=\"wp-block-jetpack-map\" data-map-id=\"jp-map-1\" data-map-provider=\"mapbox\" data-api-key=\"pk.eyJ1IjoibWFsZWZpY3VzIiwiYSI6ImNsY3c0NWZtZTFxOXozbmxobWtpa2F1aGcifQ.HkOvj8FoBDoUqzbXU-YNsg\" data-map-style=\"default\"><ul><li><a href=\"https:\/\/www.google.com\/maps\/search\/?api=1&amp;query=-28.378272,23.913711\">South Africa<\/a><\/li><li><a href=\"https:\/\/www.google.com\/maps\/search\/?api=1&amp;query=-33.922497,18.420296\">Cape Town<\/a><\/li><\/ul><\/div>\n<\/div>\n<\/div>\n\n\n\n<h2 class=\"wp-block-heading\">Kapstadt &amp; Garden Route 2026<\/h2>\n\n\n\n<p>Kapstadt &#8211; Kap Agulhas &#8211; Oudtshoorn &#8211; Sedgefield &#8211; Addo NP &#8211; Wilderness &#8211; Kapstadt<\/p>\n\n\n","protected":false},"excerpt":{"rendered":"<p>https:\/\/de.wikipedia.org\/wiki\/S%C3%BCdafrika Hauptstadt: Pretoria (Exekutive), Kapstadt (Legislative), Bloemfontein (Judikative) Einwohner: 62 Mio. Sprachen: Afrikaans, Englisch, S\u00fcdafrikanische Geb\u00e4rdensprache, S\u00fcd-Ndebele, isiXhosa, isiZulu, Nord-Sotho, Sesotho, Setswana, Siswati, Tshivenda, Xitsonga Kapstadt &amp; Garden Route 2026 Kapstadt &#8211; Kap Agulhas &#8211; Oudtshoorn &#8211; Sedgefield &#8211; Addo NP &#8211; Wilderness &#8211; Kapstadt<\/p>\n","protected":false},"author":2,"featured_media":0,"parent":0,"menu_order":0,"comment_status":"closed","ping_status":"closed","template":"","meta":{"footnotes":""},"class_list":["post-7333","page","type-page","status-publish","hentry"],"yoast_head":"<!-- This site is optimized with the Yoast SEO plugin v27.4 - https:\/\/yoast.com\/product\/yoast-seo-wordpress\/ -->\n<title>S\u00fcdafrika - Travel &amp; Explore<\/title>\n<meta name=\"robots\" content=\"noindex, follow, max-snippet:-1, max-image-preview:large, max-video-preview:-1\" \/>\n<meta property=\"og:locale\" content=\"de_DE\" \/>\n<meta property=\"og:type\" content=\"article\" \/>\n<meta property=\"og:title\" content=\"S\u00fcdafrika - Travel &amp; Explore\" \/>\n<meta property=\"og:description\" content=\"https:\/\/de.wikipedia.org\/wiki\/S%C3%BCdafrika Hauptstadt: Pretoria (Exekutive), Kapstadt (Legislative), Bloemfontein (Judikative) Einwohner: 62 Mio. Sprachen: Afrikaans, Englisch, S\u00fcdafrikanische Geb\u00e4rdensprache, S\u00fcd-Ndebele, isiXhosa, isiZulu, Nord-Sotho, Sesotho, Setswana, Siswati, Tshivenda, Xitsonga Kapstadt &amp; Garden Route 2026 Kapstadt &#8211; Kap Agulhas &#8211; Oudtshoorn &#8211; Sedgefield &#8211; Addo NP &#8211; Wilderness &#8211; Kapstadt\" \/>\n<meta property=\"og:url\" content=\"https:\/\/travel.andrea-beyer.com\/?page_id=7333\" \/>\n<meta property=\"og:site_name\" content=\"Travel &amp; Explore\" \/>\n<meta property=\"article:modified_time\" content=\"2026-04-11T10:42:58+00:00\" \/>\n<meta name=\"twitter:card\" content=\"summary_large_image\" \/>\n<meta name=\"twitter:label1\" content=\"Gesch\u00e4tzte Lesezeit\" \/>\n\t<meta name=\"twitter:data1\" content=\"1\u00a0Minute\" \/>\n<script type=\"application\/ld+json\" class=\"yoast-schema-graph\">{\"@context\":\"https:\\\/\\\/schema.org\",\"@graph\":[{\"@type\":\"WebPage\",\"@id\":\"https:\\\/\\\/travel.andrea-beyer.com\\\/?page_id=7333\",\"url\":\"https:\\\/\\\/travel.andrea-beyer.com\\\/?page_id=7333\",\"name\":\"S\u00fcdafrika - Travel &amp; Explore\",\"isPartOf\":{\"@id\":\"https:\\\/\\\/travel.andrea-beyer.com\\\/#website\"},\"datePublished\":\"2026-04-11T10:40:35+00:00\",\"dateModified\":\"2026-04-11T10:42:58+00:00\",\"breadcrumb\":{\"@id\":\"https:\\\/\\\/travel.andrea-beyer.com\\\/?page_id=7333#breadcrumb\"},\"inLanguage\":\"de\",\"potentialAction\":[{\"@type\":\"ReadAction\",\"target\":[\"https:\\\/\\\/travel.andrea-beyer.com\\\/?page_id=7333\"]}]},{\"@type\":\"BreadcrumbList\",\"@id\":\"https:\\\/\\\/travel.andrea-beyer.com\\\/?page_id=7333#breadcrumb\",\"itemListElement\":[{\"@type\":\"ListItem\",\"position\":1,\"name\":\"Startseite\",\"item\":\"https:\\\/\\\/travel.andrea-beyer.com\\\/\"},{\"@type\":\"ListItem\",\"position\":2,\"name\":\"S\u00fcdafrika\"}]},{\"@type\":\"WebSite\",\"@id\":\"https:\\\/\\\/travel.andrea-beyer.com\\\/#website\",\"url\":\"https:\\\/\\\/travel.andrea-beyer.com\\\/\",\"name\":\"Travel &amp; Explore\",\"description\":\"&quot;Die gef\u00e4hrlichste aller Weltanschauungen ist die der Leute, die die Welt nie angeschaut haben.&quot; - A. v. Humboldt\",\"potentialAction\":[{\"@type\":\"SearchAction\",\"target\":{\"@type\":\"EntryPoint\",\"urlTemplate\":\"https:\\\/\\\/travel.andrea-beyer.com\\\/?s={search_term_string}\"},\"query-input\":{\"@type\":\"PropertyValueSpecification\",\"valueRequired\":true,\"valueName\":\"search_term_string\"}}],\"inLanguage\":\"de\"}]}<\/script>\n<!-- \/ Yoast SEO plugin. -->","yoast_head_json":{"title":"S\u00fcdafrika - Travel &amp; Explore","robots":{"index":"noindex","follow":"follow","max-snippet":"max-snippet:-1","max-image-preview":"max-image-preview:large","max-video-preview":"max-video-preview:-1"},"og_locale":"de_DE","og_type":"article","og_title":"S\u00fcdafrika - Travel &amp; Explore","og_description":"https:\/\/de.wikipedia.org\/wiki\/S%C3%BCdafrika Hauptstadt: Pretoria (Exekutive), Kapstadt (Legislative), Bloemfontein (Judikative) Einwohner: 62 Mio. Sprachen: Afrikaans, Englisch, S\u00fcdafrikanische Geb\u00e4rdensprache, S\u00fcd-Ndebele, isiXhosa, isiZulu, Nord-Sotho, Sesotho, Setswana, Siswati, Tshivenda, Xitsonga Kapstadt &amp; Garden Route 2026 Kapstadt &#8211; Kap Agulhas &#8211; Oudtshoorn &#8211; Sedgefield &#8211; Addo NP &#8211; Wilderness &#8211; Kapstadt","og_url":"https:\/\/travel.andrea-beyer.com\/?page_id=7333","og_site_name":"Travel &amp; Explore","article_modified_time":"2026-04-11T10:42:58+00:00","twitter_card":"summary_large_image","twitter_misc":{"Gesch\u00e4tzte Lesezeit":"1\u00a0Minute"},"schema":{"@context":"https:\/\/schema.org","@graph":[{"@type":"WebPage","@id":"https:\/\/travel.andrea-beyer.com\/?page_id=7333","url":"https:\/\/travel.andrea-beyer.com\/?page_id=7333","name":"S\u00fcdafrika - Travel &amp; Explore","isPartOf":{"@id":"https:\/\/travel.andrea-beyer.com\/#website"},"datePublished":"2026-04-11T10:40:35+00:00","dateModified":"2026-04-11T10:42:58+00:00","breadcrumb":{"@id":"https:\/\/travel.andrea-beyer.com\/?page_id=7333#breadcrumb"},"inLanguage":"de","potentialAction":[{"@type":"ReadAction","target":["https:\/\/travel.andrea-beyer.com\/?page_id=7333"]}]},{"@type":"BreadcrumbList","@id":"https:\/\/travel.andrea-beyer.com\/?page_id=7333#breadcrumb","itemListElement":[{"@type":"ListItem","position":1,"name":"Startseite","item":"https:\/\/travel.andrea-beyer.com\/"},{"@type":"ListItem","position":2,"name":"S\u00fcdafrika"}]},{"@type":"WebSite","@id":"https:\/\/travel.andrea-beyer.com\/#website","url":"https:\/\/travel.andrea-beyer.com\/","name":"Travel &amp; Explore","description":"&quot;Die gef\u00e4hrlichste aller Weltanschauungen ist die der Leute, die die Welt nie angeschaut haben.&quot; - A. v. Humboldt","potentialAction":[{"@type":"SearchAction","target":{"@type":"EntryPoint","urlTemplate":"https:\/\/travel.andrea-beyer.com\/?s={search_term_string}"},"query-input":{"@type":"PropertyValueSpecification","valueRequired":true,"valueName":"search_term_string"}}],"inLanguage":"de"}]}},"jetpack_sharing_enabled":true,"_links":{"self":[{"href":"https:\/\/travel.andrea-beyer.com\/index.php?rest_route=\/wp\/v2\/pages\/7333","targetHints":{"allow":["GET"]}}],"collection":[{"href":"https:\/\/travel.andrea-beyer.com\/index.php?rest_route=\/wp\/v2\/pages"}],"about":[{"href":"https:\/\/travel.andrea-beyer.com\/index.php?rest_route=\/wp\/v2\/types\/page"}],"author":[{"embeddable":true,"href":"https:\/\/travel.andrea-beyer.com\/index.php?rest_route=\/wp\/v2\/users\/2"}],"replies":[{"embeddable":true,"href":"https:\/\/travel.andrea-beyer.com\/index.php?rest_route=%2Fwp%2Fv2%2Fcomments&post=7333"}],"version-history":[{"count":2,"href":"https:\/\/travel.andrea-beyer.com\/index.php?rest_route=\/wp\/v2\/pages\/7333\/revisions"}],"predecessor-version":[{"id":7337,"href":"https:\/\/travel.andrea-beyer.com\/index.php?rest_route=\/wp\/v2\/pages\/7333\/revisions\/7337"}],"wp:attachment":[{"href":"https:\/\/travel.andrea-beyer.com\/index.php?rest_route=%2Fwp%2Fv2%2Fmedia&parent=7333"}],"curies":[{"name":"wp","href":"https:\/\/api.w.org\/{rel}","templated":true}]}}