{"id":1663,"date":"2023-01-19T20:59:48","date_gmt":"2023-01-19T20:59:48","guid":{"rendered":"https:\/\/travel.andrea-beyer.com\/?page_id=1663"},"modified":"2023-09-05T21:48:44","modified_gmt":"2023-09-05T21:48:44","slug":"niederlande","status":"publish","type":"page","link":"https:\/\/travel.andrea-beyer.com\/?page_id=1663","title":{"rendered":"Niederlande"},"content":{"rendered":"\n<p><a href=\"https:\/\/de.wikipedia.org\/wiki\/K%C3%B6nigreich_der_Niederlande\" target=\"_blank\" rel=\"noreferrer noopener\">https:\/\/de.wikipedia.org\/wiki\/K%C3%B6nigreich_der_Niederlande<\/a><\/p>\n\n\n\n<div class=\"wp-block-columns is-layout-flex wp-container-core-columns-is-layout-9d6595d7 wp-block-columns-is-layout-flex\">\n<div class=\"wp-block-column is-layout-flow wp-block-column-is-layout-flow\">\n<p>Hauptstadt: Amsterdam<\/p>\n\n\n\n<p>Einwohner: 17,5 Mio<\/p>\n\n\n\n<p>Sprache: Niederl\u00e4ndisch<\/p>\n\n\n\n<p><\/p>\n<\/div>\n\n\n\n<div class=\"wp-block-column is-layout-flow wp-block-column-is-layout-flow\">\n<div class=\"wp-block-jetpack-map\" data-map-id=\"jp-map-1\" data-map-provider=\"mapbox\" data-api-key=\"pk.eyJ1IjoibWFsZWZpY3VzIiwiYSI6ImNsY3c0NWZtZTFxOXozbmxobWtpa2F1aGcifQ.HkOvj8FoBDoUqzbXU-YNsg\" data-map-style=\"default\"><ul><li><a href=\"https:\/\/www.google.com\/maps\/search\/?api=1&amp;query=52.378,4.9\">Amsterdam<\/a><\/li><li><a href=\"https:\/\/www.google.com\/maps\/search\/?api=1&amp;query=52.079984,4.311346\">Den Haag<\/a><\/li><li><a href=\"https:\/\/www.google.com\/maps\/search\/?api=1&amp;query=51.924442,4.47775\">Rotterdam<\/a><\/li><\/ul><\/div>\n<\/div>\n<\/div>\n\n\n\n<h2 class=\"wp-block-heading\">St\u00e4dtetrip 1988<\/h2>\n\n\n\n<p>zusammen mit J\u00fcrgen einige Tage Bustrip nach Amsterdam, Den Haag und Rotterdam<\/p>\n\n\n\n<div class=\"wp-block-jetpack-tiled-gallery aligncenter is-style-columns has-rounded-corners-10\"><div class=\"tiled-gallery__gallery\"><div class=\"tiled-gallery__row\"><div class=\"tiled-gallery__col\" style=\"flex-basis:19.84915%\"><figure class=\"tiled-gallery__item\"><img decoding=\"async\" srcset=\"https:\/\/i1.wp.com\/travel.andrea-beyer.com\/wp-content\/uploads\/2023\/01\/IMG20230119093720.jpg?strip=info&#038;w=600&#038;ssl=1 600w,https:\/\/i1.wp.com\/travel.andrea-beyer.com\/wp-content\/uploads\/2023\/01\/IMG20230119093720.jpg?strip=info&#038;w=900&#038;ssl=1 900w,https:\/\/i1.wp.com\/travel.andrea-beyer.com\/wp-content\/uploads\/2023\/01\/IMG20230119093720.jpg?strip=info&#038;w=1024&#038;ssl=1 1024w\" alt=\"\" data-height=\"768\" data-id=\"1667\" data-link=\"https:\/\/travel.andrea-beyer.com\/?attachment_id=1667\" data-url=\"https:\/\/travel.andrea-beyer.com\/wp-content\/uploads\/2023\/01\/IMG20230119093720.jpg\" data-width=\"1024\" src=\"https:\/\/i1.wp.com\/travel.andrea-beyer.com\/wp-content\/uploads\/2023\/01\/IMG20230119093720.jpg?ssl=1\" data-amp-layout=\"responsive\"\/><\/figure><figure class=\"tiled-gallery__item\"><img decoding=\"async\" srcset=\"https:\/\/i1.wp.com\/travel.andrea-beyer.com\/wp-content\/uploads\/2023\/01\/IMG20230119093730.jpg?strip=info&#038;w=600&#038;ssl=1 600w,https:\/\/i1.wp.com\/travel.andrea-beyer.com\/wp-content\/uploads\/2023\/01\/IMG20230119093730.jpg?strip=info&#038;w=900&#038;ssl=1 900w,https:\/\/i1.wp.com\/travel.andrea-beyer.com\/wp-content\/uploads\/2023\/01\/IMG20230119093730.jpg?strip=info&#038;w=1024&#038;ssl=1 1024w\" alt=\"\" data-height=\"768\" data-id=\"1668\" data-link=\"https:\/\/travel.andrea-beyer.com\/?attachment_id=1668\" data-url=\"https:\/\/travel.andrea-beyer.com\/wp-content\/uploads\/2023\/01\/IMG20230119093730.jpg\" data-width=\"1024\" src=\"https:\/\/i1.wp.com\/travel.andrea-beyer.com\/wp-content\/uploads\/2023\/01\/IMG20230119093730.jpg?ssl=1\" data-amp-layout=\"responsive\"\/><\/figure><figure class=\"tiled-gallery__item\"><img decoding=\"async\" srcset=\"https:\/\/i1.wp.com\/travel.andrea-beyer.com\/wp-content\/uploads\/2023\/01\/IMG20230119093710.jpg?strip=info&#038;w=600&#038;ssl=1 600w,https:\/\/i1.wp.com\/travel.andrea-beyer.com\/wp-content\/uploads\/2023\/01\/IMG20230119093710.jpg?strip=info&#038;w=900&#038;ssl=1 900w,https:\/\/i1.wp.com\/travel.andrea-beyer.com\/wp-content\/uploads\/2023\/01\/IMG20230119093710.jpg?strip=info&#038;w=1024&#038;ssl=1 1024w\" alt=\"\" data-height=\"768\" data-id=\"1666\" data-link=\"https:\/\/travel.andrea-beyer.com\/?attachment_id=1666\" data-url=\"https:\/\/travel.andrea-beyer.com\/wp-content\/uploads\/2023\/01\/IMG20230119093710.jpg\" data-width=\"1024\" src=\"https:\/\/i1.wp.com\/travel.andrea-beyer.com\/wp-content\/uploads\/2023\/01\/IMG20230119093710.jpg?ssl=1\" data-amp-layout=\"responsive\"\/><\/figure><figure class=\"tiled-gallery__item\"><img decoding=\"async\" srcset=\"https:\/\/i2.wp.com\/travel.andrea-beyer.com\/wp-content\/uploads\/2023\/01\/IMG20230119094102.jpg?strip=info&#038;w=600&#038;ssl=1 600w,https:\/\/i2.wp.com\/travel.andrea-beyer.com\/wp-content\/uploads\/2023\/01\/IMG20230119094102.jpg?strip=info&#038;w=768&#038;ssl=1 768w\" alt=\"\" data-height=\"1024\" data-id=\"1665\" data-link=\"https:\/\/travel.andrea-beyer.com\/?attachment_id=1665\" data-url=\"https:\/\/travel.andrea-beyer.com\/wp-content\/uploads\/2023\/01\/IMG20230119094102.jpg\" data-width=\"768\" src=\"https:\/\/i2.wp.com\/travel.andrea-beyer.com\/wp-content\/uploads\/2023\/01\/IMG20230119094102.jpg?ssl=1\" data-amp-layout=\"responsive\"\/><\/figure><\/div><div class=\"tiled-gallery__col\" style=\"flex-basis:31.50170%\"><figure class=\"tiled-gallery__item\"><img decoding=\"async\" srcset=\"https:\/\/i0.wp.com\/travel.andrea-beyer.com\/wp-content\/uploads\/2023\/01\/IMG20230119093746.jpg?strip=info&#038;w=600&#038;ssl=1 600w,https:\/\/i0.wp.com\/travel.andrea-beyer.com\/wp-content\/uploads\/2023\/01\/IMG20230119093746.jpg?strip=info&#038;w=900&#038;ssl=1 900w,https:\/\/i0.wp.com\/travel.andrea-beyer.com\/wp-content\/uploads\/2023\/01\/IMG20230119093746.jpg?strip=info&#038;w=1024&#038;ssl=1 1024w\" alt=\"\" data-height=\"768\" data-id=\"1669\" data-link=\"https:\/\/travel.andrea-beyer.com\/?attachment_id=1669\" data-url=\"https:\/\/travel.andrea-beyer.com\/wp-content\/uploads\/2023\/01\/IMG20230119093746.jpg\" data-width=\"1024\" src=\"https:\/\/i0.wp.com\/travel.andrea-beyer.com\/wp-content\/uploads\/2023\/01\/IMG20230119093746.jpg?ssl=1\" data-amp-layout=\"responsive\"\/><\/figure><figure class=\"tiled-gallery__item\"><img decoding=\"async\" srcset=\"https:\/\/i0.wp.com\/travel.andrea-beyer.com\/wp-content\/uploads\/2023\/01\/IMG20230119093802.jpg?strip=info&#038;w=600&#038;ssl=1 600w,https:\/\/i0.wp.com\/travel.andrea-beyer.com\/wp-content\/uploads\/2023\/01\/IMG20230119093802.jpg?strip=info&#038;w=900&#038;ssl=1 900w,https:\/\/i0.wp.com\/travel.andrea-beyer.com\/wp-content\/uploads\/2023\/01\/IMG20230119093802.jpg?strip=info&#038;w=1024&#038;ssl=1 1024w\" alt=\"\" data-height=\"768\" data-id=\"1670\" data-link=\"https:\/\/travel.andrea-beyer.com\/?attachment_id=1670\" data-url=\"https:\/\/travel.andrea-beyer.com\/wp-content\/uploads\/2023\/01\/IMG20230119093802.jpg\" data-width=\"1024\" src=\"https:\/\/i0.wp.com\/travel.andrea-beyer.com\/wp-content\/uploads\/2023\/01\/IMG20230119093802.jpg?ssl=1\" data-amp-layout=\"responsive\"\/><\/figure><figure class=\"tiled-gallery__item\"><img decoding=\"async\" srcset=\"https:\/\/i1.wp.com\/travel.andrea-beyer.com\/wp-content\/uploads\/2023\/01\/IMG20230119094010.jpg?strip=info&#038;w=600&#038;ssl=1 600w,https:\/\/i1.wp.com\/travel.andrea-beyer.com\/wp-content\/uploads\/2023\/01\/IMG20230119094010.jpg?strip=info&#038;w=900&#038;ssl=1 900w,https:\/\/i1.wp.com\/travel.andrea-beyer.com\/wp-content\/uploads\/2023\/01\/IMG20230119094010.jpg?strip=info&#038;w=1024&#038;ssl=1 1024w\" alt=\"\" data-height=\"768\" data-id=\"1677\" data-link=\"https:\/\/travel.andrea-beyer.com\/?attachment_id=1677\" data-url=\"https:\/\/travel.andrea-beyer.com\/wp-content\/uploads\/2023\/01\/IMG20230119094010.jpg\" data-width=\"1024\" src=\"https:\/\/i1.wp.com\/travel.andrea-beyer.com\/wp-content\/uploads\/2023\/01\/IMG20230119094010.jpg?ssl=1\" data-amp-layout=\"responsive\"\/><\/figure><\/div><div class=\"tiled-gallery__col\" style=\"flex-basis:17.14745%\"><figure class=\"tiled-gallery__item\"><img decoding=\"async\" srcset=\"https:\/\/i1.wp.com\/travel.andrea-beyer.com\/wp-content\/uploads\/2023\/01\/IMG20230119093956.jpg?strip=info&#038;w=600&#038;ssl=1 600w,https:\/\/i1.wp.com\/travel.andrea-beyer.com\/wp-content\/uploads\/2023\/01\/IMG20230119093956.jpg?strip=info&#038;w=900&#038;ssl=1 900w,https:\/\/i1.wp.com\/travel.andrea-beyer.com\/wp-content\/uploads\/2023\/01\/IMG20230119093956.jpg?strip=info&#038;w=1024&#038;ssl=1 1024w\" alt=\"\" data-height=\"768\" data-id=\"1676\" data-link=\"https:\/\/travel.andrea-beyer.com\/?attachment_id=1676\" data-url=\"https:\/\/travel.andrea-beyer.com\/wp-content\/uploads\/2023\/01\/IMG20230119093956.jpg\" data-width=\"1024\" src=\"https:\/\/i1.wp.com\/travel.andrea-beyer.com\/wp-content\/uploads\/2023\/01\/IMG20230119093956.jpg?ssl=1\" data-amp-layout=\"responsive\"\/><\/figure><figure class=\"tiled-gallery__item\"><img decoding=\"async\" srcset=\"https:\/\/i1.wp.com\/travel.andrea-beyer.com\/wp-content\/uploads\/2023\/01\/IMG20230119093931.jpg?strip=info&#038;w=600&#038;ssl=1 600w,https:\/\/i1.wp.com\/travel.andrea-beyer.com\/wp-content\/uploads\/2023\/01\/IMG20230119093931.jpg?strip=info&#038;w=768&#038;ssl=1 768w\" alt=\"\" data-height=\"1024\" data-id=\"1675\" data-link=\"https:\/\/travel.andrea-beyer.com\/?attachment_id=1675\" data-url=\"https:\/\/travel.andrea-beyer.com\/wp-content\/uploads\/2023\/01\/IMG20230119093931.jpg\" data-width=\"768\" src=\"https:\/\/i1.wp.com\/travel.andrea-beyer.com\/wp-content\/uploads\/2023\/01\/IMG20230119093931.jpg?ssl=1\" data-amp-layout=\"responsive\"\/><\/figure><figure class=\"tiled-gallery__item\"><img decoding=\"async\" srcset=\"https:\/\/i1.wp.com\/travel.andrea-beyer.com\/wp-content\/uploads\/2023\/01\/IMG20230119093913.jpg?strip=info&#038;w=600&#038;ssl=1 600w,https:\/\/i1.wp.com\/travel.andrea-beyer.com\/wp-content\/uploads\/2023\/01\/IMG20230119093913.jpg?strip=info&#038;w=900&#038;ssl=1 900w,https:\/\/i1.wp.com\/travel.andrea-beyer.com\/wp-content\/uploads\/2023\/01\/IMG20230119093913.jpg?strip=info&#038;w=1024&#038;ssl=1 1024w\" alt=\"\" data-height=\"768\" data-id=\"1674\" data-link=\"https:\/\/travel.andrea-beyer.com\/?attachment_id=1674\" data-url=\"https:\/\/travel.andrea-beyer.com\/wp-content\/uploads\/2023\/01\/IMG20230119093913.jpg\" data-width=\"1024\" src=\"https:\/\/i1.wp.com\/travel.andrea-beyer.com\/wp-content\/uploads\/2023\/01\/IMG20230119093913.jpg?ssl=1\" data-amp-layout=\"responsive\"\/><\/figure><figure class=\"tiled-gallery__item\"><img decoding=\"async\" srcset=\"https:\/\/i1.wp.com\/travel.andrea-beyer.com\/wp-content\/uploads\/2023\/01\/IMG20230119093856.jpg?strip=info&#038;w=600&#038;ssl=1 600w,https:\/\/i1.wp.com\/travel.andrea-beyer.com\/wp-content\/uploads\/2023\/01\/IMG20230119093856.jpg?strip=info&#038;w=768&#038;ssl=1 768w\" alt=\"\" data-height=\"1024\" data-id=\"1673\" data-link=\"https:\/\/travel.andrea-beyer.com\/?attachment_id=1673\" data-url=\"https:\/\/travel.andrea-beyer.com\/wp-content\/uploads\/2023\/01\/IMG20230119093856.jpg\" data-width=\"768\" src=\"https:\/\/i1.wp.com\/travel.andrea-beyer.com\/wp-content\/uploads\/2023\/01\/IMG20230119093856.jpg?ssl=1\" data-amp-layout=\"responsive\"\/><\/figure><\/div><div class=\"tiled-gallery__col\" style=\"flex-basis:31.50170%\"><figure class=\"tiled-gallery__item\"><img decoding=\"async\" srcset=\"https:\/\/i1.wp.com\/travel.andrea-beyer.com\/wp-content\/uploads\/2023\/01\/IMG20230119093834.jpg?strip=info&#038;w=600&#038;ssl=1 600w,https:\/\/i1.wp.com\/travel.andrea-beyer.com\/wp-content\/uploads\/2023\/01\/IMG20230119093834.jpg?strip=info&#038;w=900&#038;ssl=1 900w,https:\/\/i1.wp.com\/travel.andrea-beyer.com\/wp-content\/uploads\/2023\/01\/IMG20230119093834.jpg?strip=info&#038;w=1024&#038;ssl=1 1024w\" alt=\"\" data-height=\"768\" data-id=\"1672\" data-link=\"https:\/\/travel.andrea-beyer.com\/?attachment_id=1672\" data-url=\"https:\/\/travel.andrea-beyer.com\/wp-content\/uploads\/2023\/01\/IMG20230119093834.jpg\" data-width=\"1024\" src=\"https:\/\/i1.wp.com\/travel.andrea-beyer.com\/wp-content\/uploads\/2023\/01\/IMG20230119093834.jpg?ssl=1\" data-amp-layout=\"responsive\"\/><\/figure><figure class=\"tiled-gallery__item\"><img decoding=\"async\" srcset=\"https:\/\/i0.wp.com\/travel.andrea-beyer.com\/wp-content\/uploads\/2023\/01\/IMG20230119093821.jpg?strip=info&#038;w=600&#038;ssl=1 600w,https:\/\/i0.wp.com\/travel.andrea-beyer.com\/wp-content\/uploads\/2023\/01\/IMG20230119093821.jpg?strip=info&#038;w=900&#038;ssl=1 900w,https:\/\/i0.wp.com\/travel.andrea-beyer.com\/wp-content\/uploads\/2023\/01\/IMG20230119093821.jpg?strip=info&#038;w=1024&#038;ssl=1 1024w\" alt=\"\" data-height=\"768\" data-id=\"1671\" data-link=\"https:\/\/travel.andrea-beyer.com\/?attachment_id=1671\" data-url=\"https:\/\/travel.andrea-beyer.com\/wp-content\/uploads\/2023\/01\/IMG20230119093821.jpg\" data-width=\"1024\" src=\"https:\/\/i0.wp.com\/travel.andrea-beyer.com\/wp-content\/uploads\/2023\/01\/IMG20230119093821.jpg?ssl=1\" data-amp-layout=\"responsive\"\/><\/figure><figure class=\"tiled-gallery__item\"><img decoding=\"async\" srcset=\"https:\/\/i2.wp.com\/travel.andrea-beyer.com\/wp-content\/uploads\/2023\/01\/IMG20230119094023.jpg?strip=info&#038;w=600&#038;ssl=1 600w,https:\/\/i2.wp.com\/travel.andrea-beyer.com\/wp-content\/uploads\/2023\/01\/IMG20230119094023.jpg?strip=info&#038;w=900&#038;ssl=1 900w,https:\/\/i2.wp.com\/travel.andrea-beyer.com\/wp-content\/uploads\/2023\/01\/IMG20230119094023.jpg?strip=info&#038;w=1024&#038;ssl=1 1024w\" alt=\"\" data-height=\"768\" data-id=\"1678\" data-link=\"https:\/\/travel.andrea-beyer.com\/?attachment_id=1678\" data-url=\"https:\/\/travel.andrea-beyer.com\/wp-content\/uploads\/2023\/01\/IMG20230119094023.jpg\" data-width=\"1024\" src=\"https:\/\/i2.wp.com\/travel.andrea-beyer.com\/wp-content\/uploads\/2023\/01\/IMG20230119094023.jpg?ssl=1\" data-amp-layout=\"responsive\"\/><\/figure><\/div><\/div><\/div><\/div>\n","protected":false},"excerpt":{"rendered":"<p>https:\/\/de.wikipedia.org\/wiki\/K%C3%B6nigreich_der_Niederlande Hauptstadt: Amsterdam Einwohner: 17,5 Mio Sprache: Niederl\u00e4ndisch St\u00e4dtetrip 1988 zusammen mit J\u00fcrgen einige Tage Bustrip nach Amsterdam, Den Haag und Rotterdam<\/p>\n","protected":false},"author":2,"featured_media":0,"parent":170,"menu_order":0,"comment_status":"closed","ping_status":"closed","template":"","meta":{"footnotes":""},"class_list":["post-1663","page","type-page","status-publish","hentry"],"yoast_head":"<!-- This site is optimized with the Yoast SEO plugin v27.4 - https:\/\/yoast.com\/product\/yoast-seo-wordpress\/ -->\n<title>Niederlande - Travel &amp; Explore<\/title>\n<meta name=\"robots\" content=\"noindex, follow, max-snippet:-1, max-image-preview:large, max-video-preview:-1\" \/>\n<meta property=\"og:locale\" content=\"de_DE\" \/>\n<meta property=\"og:type\" content=\"article\" \/>\n<meta property=\"og:title\" content=\"Niederlande - Travel &amp; Explore\" \/>\n<meta property=\"og:description\" content=\"https:\/\/de.wikipedia.org\/wiki\/K%C3%B6nigreich_der_Niederlande Hauptstadt: Amsterdam Einwohner: 17,5 Mio Sprache: Niederl\u00e4ndisch St\u00e4dtetrip 1988 zusammen mit J\u00fcrgen einige Tage Bustrip nach Amsterdam, Den Haag und Rotterdam\" \/>\n<meta property=\"og:url\" content=\"https:\/\/travel.andrea-beyer.com\/?page_id=1663\" \/>\n<meta property=\"og:site_name\" content=\"Travel &amp; Explore\" \/>\n<meta property=\"article:modified_time\" content=\"2023-09-05T21:48:44+00:00\" \/>\n<meta property=\"og:image\" content=\"https:\/\/i1.wp.com\/travel.andrea-beyer.com\/wp-content\/uploads\/2023\/01\/IMG20230119093720.jpg?ssl=1\" \/>\n<meta name=\"twitter:card\" content=\"summary_large_image\" \/>\n<meta name=\"twitter:label1\" content=\"Gesch\u00e4tzte Lesezeit\" \/>\n\t<meta name=\"twitter:data1\" content=\"3\u00a0Minuten\" \/>\n<script type=\"application\/ld+json\" class=\"yoast-schema-graph\">{\"@context\":\"https:\\\/\\\/schema.org\",\"@graph\":[{\"@type\":\"WebPage\",\"@id\":\"https:\\\/\\\/travel.andrea-beyer.com\\\/?page_id=1663\",\"url\":\"https:\\\/\\\/travel.andrea-beyer.com\\\/?page_id=1663\",\"name\":\"Niederlande - Travel &amp; Explore\",\"isPartOf\":{\"@id\":\"https:\\\/\\\/travel.andrea-beyer.com\\\/#website\"},\"primaryImageOfPage\":{\"@id\":\"https:\\\/\\\/travel.andrea-beyer.com\\\/?page_id=1663#primaryimage\"},\"image\":{\"@id\":\"https:\\\/\\\/travel.andrea-beyer.com\\\/?page_id=1663#primaryimage\"},\"thumbnailUrl\":\"https:\\\/\\\/i1.wp.com\\\/travel.andrea-beyer.com\\\/wp-content\\\/uploads\\\/2023\\\/01\\\/IMG20230119093720.jpg?ssl=1\",\"datePublished\":\"2023-01-19T20:59:48+00:00\",\"dateModified\":\"2023-09-05T21:48:44+00:00\",\"breadcrumb\":{\"@id\":\"https:\\\/\\\/travel.andrea-beyer.com\\\/?page_id=1663#breadcrumb\"},\"inLanguage\":\"de\",\"potentialAction\":[{\"@type\":\"ReadAction\",\"target\":[\"https:\\\/\\\/travel.andrea-beyer.com\\\/?page_id=1663\"]}]},{\"@type\":\"ImageObject\",\"inLanguage\":\"de\",\"@id\":\"https:\\\/\\\/travel.andrea-beyer.com\\\/?page_id=1663#primaryimage\",\"url\":\"https:\\\/\\\/i1.wp.com\\\/travel.andrea-beyer.com\\\/wp-content\\\/uploads\\\/2023\\\/01\\\/IMG20230119093720.jpg?ssl=1\",\"contentUrl\":\"https:\\\/\\\/i1.wp.com\\\/travel.andrea-beyer.com\\\/wp-content\\\/uploads\\\/2023\\\/01\\\/IMG20230119093720.jpg?ssl=1\"},{\"@type\":\"BreadcrumbList\",\"@id\":\"https:\\\/\\\/travel.andrea-beyer.com\\\/?page_id=1663#breadcrumb\",\"itemListElement\":[{\"@type\":\"ListItem\",\"position\":1,\"name\":\"Startseite\",\"item\":\"https:\\\/\\\/travel.andrea-beyer.com\\\/\"},{\"@type\":\"ListItem\",\"position\":2,\"name\":\"Europa\",\"item\":\"https:\\\/\\\/travel.andrea-beyer.com\\\/?page_id=170\"},{\"@type\":\"ListItem\",\"position\":3,\"name\":\"Niederlande\"}]},{\"@type\":\"WebSite\",\"@id\":\"https:\\\/\\\/travel.andrea-beyer.com\\\/#website\",\"url\":\"https:\\\/\\\/travel.andrea-beyer.com\\\/\",\"name\":\"Travel &amp; Explore\",\"description\":\"&quot;Die gef\u00e4hrlichste aller Weltanschauungen ist die der Leute, die die Welt nie angeschaut haben.&quot; - A. v. Humboldt\",\"potentialAction\":[{\"@type\":\"SearchAction\",\"target\":{\"@type\":\"EntryPoint\",\"urlTemplate\":\"https:\\\/\\\/travel.andrea-beyer.com\\\/?s={search_term_string}\"},\"query-input\":{\"@type\":\"PropertyValueSpecification\",\"valueRequired\":true,\"valueName\":\"search_term_string\"}}],\"inLanguage\":\"de\"}]}<\/script>\n<!-- \/ Yoast SEO plugin. -->","yoast_head_json":{"title":"Niederlande - Travel &amp; Explore","robots":{"index":"noindex","follow":"follow","max-snippet":"max-snippet:-1","max-image-preview":"max-image-preview:large","max-video-preview":"max-video-preview:-1"},"og_locale":"de_DE","og_type":"article","og_title":"Niederlande - Travel &amp; Explore","og_description":"https:\/\/de.wikipedia.org\/wiki\/K%C3%B6nigreich_der_Niederlande Hauptstadt: Amsterdam Einwohner: 17,5 Mio Sprache: Niederl\u00e4ndisch St\u00e4dtetrip 1988 zusammen mit J\u00fcrgen einige Tage Bustrip nach Amsterdam, Den Haag und Rotterdam","og_url":"https:\/\/travel.andrea-beyer.com\/?page_id=1663","og_site_name":"Travel &amp; Explore","article_modified_time":"2023-09-05T21:48:44+00:00","og_image":[{"url":"https:\/\/i1.wp.com\/travel.andrea-beyer.com\/wp-content\/uploads\/2023\/01\/IMG20230119093720.jpg?ssl=1","type":"","width":"","height":""}],"twitter_card":"summary_large_image","twitter_misc":{"Gesch\u00e4tzte Lesezeit":"3\u00a0Minuten"},"schema":{"@context":"https:\/\/schema.org","@graph":[{"@type":"WebPage","@id":"https:\/\/travel.andrea-beyer.com\/?page_id=1663","url":"https:\/\/travel.andrea-beyer.com\/?page_id=1663","name":"Niederlande - Travel &amp; Explore","isPartOf":{"@id":"https:\/\/travel.andrea-beyer.com\/#website"},"primaryImageOfPage":{"@id":"https:\/\/travel.andrea-beyer.com\/?page_id=1663#primaryimage"},"image":{"@id":"https:\/\/travel.andrea-beyer.com\/?page_id=1663#primaryimage"},"thumbnailUrl":"https:\/\/i1.wp.com\/travel.andrea-beyer.com\/wp-content\/uploads\/2023\/01\/IMG20230119093720.jpg?ssl=1","datePublished":"2023-01-19T20:59:48+00:00","dateModified":"2023-09-05T21:48:44+00:00","breadcrumb":{"@id":"https:\/\/travel.andrea-beyer.com\/?page_id=1663#breadcrumb"},"inLanguage":"de","potentialAction":[{"@type":"ReadAction","target":["https:\/\/travel.andrea-beyer.com\/?page_id=1663"]}]},{"@type":"ImageObject","inLanguage":"de","@id":"https:\/\/travel.andrea-beyer.com\/?page_id=1663#primaryimage","url":"https:\/\/i1.wp.com\/travel.andrea-beyer.com\/wp-content\/uploads\/2023\/01\/IMG20230119093720.jpg?ssl=1","contentUrl":"https:\/\/i1.wp.com\/travel.andrea-beyer.com\/wp-content\/uploads\/2023\/01\/IMG20230119093720.jpg?ssl=1"},{"@type":"BreadcrumbList","@id":"https:\/\/travel.andrea-beyer.com\/?page_id=1663#breadcrumb","itemListElement":[{"@type":"ListItem","position":1,"name":"Startseite","item":"https:\/\/travel.andrea-beyer.com\/"},{"@type":"ListItem","position":2,"name":"Europa","item":"https:\/\/travel.andrea-beyer.com\/?page_id=170"},{"@type":"ListItem","position":3,"name":"Niederlande"}]},{"@type":"WebSite","@id":"https:\/\/travel.andrea-beyer.com\/#website","url":"https:\/\/travel.andrea-beyer.com\/","name":"Travel &amp; Explore","description":"&quot;Die gef\u00e4hrlichste aller Weltanschauungen ist die der Leute, die die Welt nie angeschaut haben.&quot; - A. v. Humboldt","potentialAction":[{"@type":"SearchAction","target":{"@type":"EntryPoint","urlTemplate":"https:\/\/travel.andrea-beyer.com\/?s={search_term_string}"},"query-input":{"@type":"PropertyValueSpecification","valueRequired":true,"valueName":"search_term_string"}}],"inLanguage":"de"}]}},"jetpack_sharing_enabled":true,"_links":{"self":[{"href":"https:\/\/travel.andrea-beyer.com\/index.php?rest_route=\/wp\/v2\/pages\/1663","targetHints":{"allow":["GET"]}}],"collection":[{"href":"https:\/\/travel.andrea-beyer.com\/index.php?rest_route=\/wp\/v2\/pages"}],"about":[{"href":"https:\/\/travel.andrea-beyer.com\/index.php?rest_route=\/wp\/v2\/types\/page"}],"author":[{"embeddable":true,"href":"https:\/\/travel.andrea-beyer.com\/index.php?rest_route=\/wp\/v2\/users\/2"}],"replies":[{"embeddable":true,"href":"https:\/\/travel.andrea-beyer.com\/index.php?rest_route=%2Fwp%2Fv2%2Fcomments&post=1663"}],"version-history":[{"count":5,"href":"https:\/\/travel.andrea-beyer.com\/index.php?rest_route=\/wp\/v2\/pages\/1663\/revisions"}],"predecessor-version":[{"id":5513,"href":"https:\/\/travel.andrea-beyer.com\/index.php?rest_route=\/wp\/v2\/pages\/1663\/revisions\/5513"}],"up":[{"embeddable":true,"href":"https:\/\/travel.andrea-beyer.com\/index.php?rest_route=\/wp\/v2\/pages\/170"}],"wp:attachment":[{"href":"https:\/\/travel.andrea-beyer.com\/index.php?rest_route=%2Fwp%2Fv2%2Fmedia&parent=1663"}],"curies":[{"name":"wp","href":"https:\/\/api.w.org\/{rel}","templated":true}]}}