{"id":1480,"date":"2023-01-17T21:01:34","date_gmt":"2023-01-17T21:01:34","guid":{"rendered":"https:\/\/travel.andrea-beyer.com\/?page_id=1480"},"modified":"2023-09-05T21:51:31","modified_gmt":"2023-09-05T21:51:31","slug":"polen","status":"publish","type":"page","link":"https:\/\/travel.andrea-beyer.com\/?page_id=1480","title":{"rendered":"Polen"},"content":{"rendered":"\n<p><a href=\"https:\/\/de.wikipedia.org\/wiki\/Polen\" target=\"_blank\" rel=\"noreferrer noopener\">https:\/\/de.wikipedia.org\/wiki\/Polen<\/a><\/p>\n\n\n\n<div class=\"wp-block-columns is-layout-flex wp-container-core-columns-is-layout-9d6595d7 wp-block-columns-is-layout-flex\">\n<div class=\"wp-block-column is-layout-flow wp-block-column-is-layout-flow\">\n<p>Hauptstadt: Warschau<\/p>\n\n\n\n<p>Einwohner: ca. 38 Mio<\/p>\n\n\n\n<p>Sprache: Polnisch<\/p>\n\n\n\n<p><\/p>\n<\/div>\n\n\n\n<div class=\"wp-block-column is-layout-flow wp-block-column-is-layout-flow\">\n<div class=\"wp-block-jetpack-map\" data-map-id=\"jp-map-1\" data-map-provider=\"mapbox\" data-api-key=\"pk.eyJ1IjoibWFsZWZpY3VzIiwiYSI6ImNsY3c0NWZtZTFxOXozbmxobWtpa2F1aGcifQ.HkOvj8FoBDoUqzbXU-YNsg\" data-map-style=\"default\"><ul><li><a href=\"https:\/\/www.google.com\/maps\/search\/?api=1&amp;query=54.348291,18.654023\">Gda\u0144sk<\/a><\/li><\/ul><\/div>\n<\/div>\n<\/div>\n\n\n\n<h2 class=\"wp-block-heading\">Danzig 2001<\/h2>\n\n\n\n<p>verl\u00e4ngertes Wochenende, Reiseangebot \u00fcber DJH, mein Geschenk (Hotel\u00fcbernachtungen)<\/p>\n\n\n\n<div class=\"wp-block-jetpack-tiled-gallery aligncenter is-style-columns has-rounded-corners-5\"><div class=\"tiled-gallery__gallery\"><div class=\"tiled-gallery__row\"><div class=\"tiled-gallery__col\" style=\"flex-basis:14.68604%\"><figure class=\"tiled-gallery__item\"><img decoding=\"async\" srcset=\"https:\/\/i1.wp.com\/travel.andrea-beyer.com\/wp-content\/uploads\/2023\/01\/2001_danzig-1.jpg?strip=info&#038;w=600&#038;ssl=1 600w,https:\/\/i1.wp.com\/travel.andrea-beyer.com\/wp-content\/uploads\/2023\/01\/2001_danzig-1.jpg?strip=info&#038;w=683&#038;ssl=1 683w\" alt=\"\" data-height=\"1024\" data-id=\"1796\" data-link=\"https:\/\/travel.andrea-beyer.com\/?attachment_id=1796\" data-url=\"https:\/\/travel.andrea-beyer.com\/wp-content\/uploads\/2023\/01\/2001_danzig-1.jpg\" data-width=\"683\" src=\"https:\/\/i1.wp.com\/travel.andrea-beyer.com\/wp-content\/uploads\/2023\/01\/2001_danzig-1.jpg?ssl=1\" data-amp-layout=\"responsive\"\/><\/figure><figure class=\"tiled-gallery__item\"><img decoding=\"async\" srcset=\"https:\/\/i1.wp.com\/travel.andrea-beyer.com\/wp-content\/uploads\/2023\/01\/2001_danzig-77.jpg?strip=info&#038;w=600&#038;ssl=1 600w,https:\/\/i1.wp.com\/travel.andrea-beyer.com\/wp-content\/uploads\/2023\/01\/2001_danzig-77.jpg?strip=info&#038;w=900&#038;ssl=1 900w,https:\/\/i1.wp.com\/travel.andrea-beyer.com\/wp-content\/uploads\/2023\/01\/2001_danzig-77.jpg?strip=info&#038;w=1024&#038;ssl=1 1024w\" alt=\"\" data-height=\"683\" data-id=\"1795\" data-link=\"https:\/\/travel.andrea-beyer.com\/?attachment_id=1795\" data-url=\"https:\/\/travel.andrea-beyer.com\/wp-content\/uploads\/2023\/01\/2001_danzig-77.jpg\" data-width=\"1024\" src=\"https:\/\/i1.wp.com\/travel.andrea-beyer.com\/wp-content\/uploads\/2023\/01\/2001_danzig-77.jpg?ssl=1\" data-amp-layout=\"responsive\"\/><\/figure><figure class=\"tiled-gallery__item\"><img decoding=\"async\" srcset=\"https:\/\/i1.wp.com\/travel.andrea-beyer.com\/wp-content\/uploads\/2023\/01\/2001_danzig-5.jpg?strip=info&#038;w=600&#038;ssl=1 600w,https:\/\/i1.wp.com\/travel.andrea-beyer.com\/wp-content\/uploads\/2023\/01\/2001_danzig-5.jpg?strip=info&#038;w=683&#038;ssl=1 683w\" alt=\"\" data-height=\"1024\" data-id=\"1798\" data-link=\"https:\/\/travel.andrea-beyer.com\/?attachment_id=1798\" data-url=\"https:\/\/travel.andrea-beyer.com\/wp-content\/uploads\/2023\/01\/2001_danzig-5.jpg\" data-width=\"683\" src=\"https:\/\/i1.wp.com\/travel.andrea-beyer.com\/wp-content\/uploads\/2023\/01\/2001_danzig-5.jpg?ssl=1\" data-amp-layout=\"responsive\"\/><\/figure><figure class=\"tiled-gallery__item\"><img decoding=\"async\" srcset=\"https:\/\/i1.wp.com\/travel.andrea-beyer.com\/wp-content\/uploads\/2023\/01\/2001_danzig-2.jpg?strip=info&#038;w=600&#038;ssl=1 600w,https:\/\/i1.wp.com\/travel.andrea-beyer.com\/wp-content\/uploads\/2023\/01\/2001_danzig-2.jpg?strip=info&#038;w=900&#038;ssl=1 900w,https:\/\/i1.wp.com\/travel.andrea-beyer.com\/wp-content\/uploads\/2023\/01\/2001_danzig-2.jpg?strip=info&#038;w=1024&#038;ssl=1 1024w\" alt=\"\" data-height=\"683\" data-id=\"1797\" data-link=\"https:\/\/travel.andrea-beyer.com\/?attachment_id=1797\" data-url=\"https:\/\/travel.andrea-beyer.com\/wp-content\/uploads\/2023\/01\/2001_danzig-2.jpg\" data-width=\"1024\" src=\"https:\/\/i1.wp.com\/travel.andrea-beyer.com\/wp-content\/uploads\/2023\/01\/2001_danzig-2.jpg?ssl=1\" data-amp-layout=\"responsive\"\/><\/figure><figure class=\"tiled-gallery__item\"><img decoding=\"async\" srcset=\"https:\/\/i0.wp.com\/travel.andrea-beyer.com\/wp-content\/uploads\/2023\/01\/2001_danzig-11.jpg?strip=info&#038;w=600&#038;ssl=1 600w,https:\/\/i0.wp.com\/travel.andrea-beyer.com\/wp-content\/uploads\/2023\/01\/2001_danzig-11.jpg?strip=info&#038;w=683&#038;ssl=1 683w\" alt=\"\" data-height=\"1024\" data-id=\"1799\" data-link=\"https:\/\/travel.andrea-beyer.com\/?attachment_id=1799\" data-url=\"https:\/\/travel.andrea-beyer.com\/wp-content\/uploads\/2023\/01\/2001_danzig-11.jpg\" data-width=\"683\" src=\"https:\/\/i0.wp.com\/travel.andrea-beyer.com\/wp-content\/uploads\/2023\/01\/2001_danzig-11.jpg?ssl=1\" data-amp-layout=\"responsive\"\/><\/figure><\/div><div class=\"tiled-gallery__col\" style=\"flex-basis:42.34801%\"><figure class=\"tiled-gallery__item\"><img decoding=\"async\" srcset=\"https:\/\/i2.wp.com\/travel.andrea-beyer.com\/wp-content\/uploads\/2023\/01\/2001_danzig-21.jpg?strip=info&#038;w=600&#038;ssl=1 600w,https:\/\/i2.wp.com\/travel.andrea-beyer.com\/wp-content\/uploads\/2023\/01\/2001_danzig-21.jpg?strip=info&#038;w=900&#038;ssl=1 900w,https:\/\/i2.wp.com\/travel.andrea-beyer.com\/wp-content\/uploads\/2023\/01\/2001_danzig-21.jpg?strip=info&#038;w=1024&#038;ssl=1 1024w\" alt=\"\" data-height=\"683\" data-id=\"1800\" data-link=\"https:\/\/travel.andrea-beyer.com\/?attachment_id=1800\" data-url=\"https:\/\/travel.andrea-beyer.com\/wp-content\/uploads\/2023\/01\/2001_danzig-21.jpg\" data-width=\"1024\" src=\"https:\/\/i2.wp.com\/travel.andrea-beyer.com\/wp-content\/uploads\/2023\/01\/2001_danzig-21.jpg?ssl=1\" data-amp-layout=\"responsive\"\/><\/figure><figure class=\"tiled-gallery__item\"><img decoding=\"async\" srcset=\"https:\/\/i0.wp.com\/travel.andrea-beyer.com\/wp-content\/uploads\/2023\/01\/2001_danzig-27.jpg?strip=info&#038;w=600&#038;ssl=1 600w,https:\/\/i0.wp.com\/travel.andrea-beyer.com\/wp-content\/uploads\/2023\/01\/2001_danzig-27.jpg?strip=info&#038;w=900&#038;ssl=1 900w,https:\/\/i0.wp.com\/travel.andrea-beyer.com\/wp-content\/uploads\/2023\/01\/2001_danzig-27.jpg?strip=info&#038;w=1024&#038;ssl=1 1024w\" alt=\"\" data-height=\"683\" data-id=\"1802\" data-link=\"https:\/\/travel.andrea-beyer.com\/?attachment_id=1802\" data-url=\"https:\/\/travel.andrea-beyer.com\/wp-content\/uploads\/2023\/01\/2001_danzig-27.jpg\" data-width=\"1024\" src=\"https:\/\/i0.wp.com\/travel.andrea-beyer.com\/wp-content\/uploads\/2023\/01\/2001_danzig-27.jpg?ssl=1\" data-amp-layout=\"responsive\"\/><\/figure><figure class=\"tiled-gallery__item\"><img decoding=\"async\" srcset=\"https:\/\/i2.wp.com\/travel.andrea-beyer.com\/wp-content\/uploads\/2023\/01\/2001_danzig-23.jpg?strip=info&#038;w=600&#038;ssl=1 600w,https:\/\/i2.wp.com\/travel.andrea-beyer.com\/wp-content\/uploads\/2023\/01\/2001_danzig-23.jpg?strip=info&#038;w=900&#038;ssl=1 900w,https:\/\/i2.wp.com\/travel.andrea-beyer.com\/wp-content\/uploads\/2023\/01\/2001_danzig-23.jpg?strip=info&#038;w=1024&#038;ssl=1 1024w\" alt=\"\" data-height=\"683\" data-id=\"1801\" data-link=\"https:\/\/travel.andrea-beyer.com\/?attachment_id=1801\" data-url=\"https:\/\/travel.andrea-beyer.com\/wp-content\/uploads\/2023\/01\/2001_danzig-23.jpg\" data-width=\"1024\" src=\"https:\/\/i2.wp.com\/travel.andrea-beyer.com\/wp-content\/uploads\/2023\/01\/2001_danzig-23.jpg?ssl=1\" data-amp-layout=\"responsive\"\/><\/figure><\/div><div class=\"tiled-gallery__col\" style=\"flex-basis:12.91332%\"><figure class=\"tiled-gallery__item\"><img decoding=\"async\" srcset=\"https:\/\/i0.wp.com\/travel.andrea-beyer.com\/wp-content\/uploads\/2023\/01\/2001_danzig-37.jpg?strip=info&#038;w=600&#038;ssl=1 600w,https:\/\/i0.wp.com\/travel.andrea-beyer.com\/wp-content\/uploads\/2023\/01\/2001_danzig-37.jpg?strip=info&#038;w=900&#038;ssl=1 900w,https:\/\/i0.wp.com\/travel.andrea-beyer.com\/wp-content\/uploads\/2023\/01\/2001_danzig-37.jpg?strip=info&#038;w=1024&#038;ssl=1 1024w\" alt=\"\" data-height=\"683\" data-id=\"1803\" data-link=\"https:\/\/travel.andrea-beyer.com\/?attachment_id=1803\" data-url=\"https:\/\/travel.andrea-beyer.com\/wp-content\/uploads\/2023\/01\/2001_danzig-37.jpg\" data-width=\"1024\" src=\"https:\/\/i0.wp.com\/travel.andrea-beyer.com\/wp-content\/uploads\/2023\/01\/2001_danzig-37.jpg?ssl=1\" data-amp-layout=\"responsive\"\/><\/figure><figure class=\"tiled-gallery__item\"><img decoding=\"async\" srcset=\"https:\/\/i1.wp.com\/travel.andrea-beyer.com\/wp-content\/uploads\/2023\/01\/2001_danzig-40.jpg?strip=info&#038;w=600&#038;ssl=1 600w,https:\/\/i1.wp.com\/travel.andrea-beyer.com\/wp-content\/uploads\/2023\/01\/2001_danzig-40.jpg?strip=info&#038;w=683&#038;ssl=1 683w\" alt=\"\" data-height=\"1024\" data-id=\"1804\" data-link=\"https:\/\/travel.andrea-beyer.com\/?attachment_id=1804\" data-url=\"https:\/\/travel.andrea-beyer.com\/wp-content\/uploads\/2023\/01\/2001_danzig-40.jpg\" data-width=\"683\" src=\"https:\/\/i1.wp.com\/travel.andrea-beyer.com\/wp-content\/uploads\/2023\/01\/2001_danzig-40.jpg?ssl=1\" data-amp-layout=\"responsive\"\/><\/figure><figure class=\"tiled-gallery__item\"><img decoding=\"async\" srcset=\"https:\/\/i1.wp.com\/travel.andrea-beyer.com\/wp-content\/uploads\/2023\/01\/2001_danzig-42.jpg?strip=info&#038;w=600&#038;ssl=1 600w,https:\/\/i1.wp.com\/travel.andrea-beyer.com\/wp-content\/uploads\/2023\/01\/2001_danzig-42.jpg?strip=info&#038;w=683&#038;ssl=1 683w\" alt=\"\" data-height=\"1024\" data-id=\"1805\" data-link=\"https:\/\/travel.andrea-beyer.com\/?attachment_id=1805\" data-url=\"https:\/\/travel.andrea-beyer.com\/wp-content\/uploads\/2023\/01\/2001_danzig-42.jpg\" data-width=\"683\" src=\"https:\/\/i1.wp.com\/travel.andrea-beyer.com\/wp-content\/uploads\/2023\/01\/2001_danzig-42.jpg?ssl=1\" data-amp-layout=\"responsive\"\/><\/figure><figure class=\"tiled-gallery__item\"><img decoding=\"async\" srcset=\"https:\/\/i1.wp.com\/travel.andrea-beyer.com\/wp-content\/uploads\/2023\/01\/2001_danzig-47.jpg?strip=info&#038;w=600&#038;ssl=1 600w,https:\/\/i1.wp.com\/travel.andrea-beyer.com\/wp-content\/uploads\/2023\/01\/2001_danzig-47.jpg?strip=info&#038;w=683&#038;ssl=1 683w\" alt=\"\" data-height=\"1024\" data-id=\"1806\" data-link=\"https:\/\/travel.andrea-beyer.com\/?attachment_id=1806\" data-url=\"https:\/\/travel.andrea-beyer.com\/wp-content\/uploads\/2023\/01\/2001_danzig-47.jpg\" data-width=\"683\" src=\"https:\/\/i1.wp.com\/travel.andrea-beyer.com\/wp-content\/uploads\/2023\/01\/2001_danzig-47.jpg?ssl=1\" data-amp-layout=\"responsive\"\/><\/figure><figure class=\"tiled-gallery__item\"><img decoding=\"async\" srcset=\"https:\/\/i2.wp.com\/travel.andrea-beyer.com\/wp-content\/uploads\/2023\/01\/2001_danzig-55.jpg?strip=info&#038;w=600&#038;ssl=1 600w,https:\/\/i2.wp.com\/travel.andrea-beyer.com\/wp-content\/uploads\/2023\/01\/2001_danzig-55.jpg?strip=info&#038;w=683&#038;ssl=1 683w\" alt=\"\" data-height=\"1024\" data-id=\"1807\" data-link=\"https:\/\/travel.andrea-beyer.com\/?attachment_id=1807\" data-url=\"https:\/\/travel.andrea-beyer.com\/wp-content\/uploads\/2023\/01\/2001_danzig-55.jpg\" data-width=\"683\" src=\"https:\/\/i2.wp.com\/travel.andrea-beyer.com\/wp-content\/uploads\/2023\/01\/2001_danzig-55.jpg?ssl=1\" data-amp-layout=\"responsive\"\/><\/figure><\/div><div class=\"tiled-gallery__col\" style=\"flex-basis:30.05264%\"><figure class=\"tiled-gallery__item\"><img decoding=\"async\" srcset=\"https:\/\/i0.wp.com\/travel.andrea-beyer.com\/wp-content\/uploads\/2023\/01\/2001_danzig-60.jpg?strip=info&#038;w=600&#038;ssl=1 600w,https:\/\/i0.wp.com\/travel.andrea-beyer.com\/wp-content\/uploads\/2023\/01\/2001_danzig-60.jpg?strip=info&#038;w=900&#038;ssl=1 900w,https:\/\/i0.wp.com\/travel.andrea-beyer.com\/wp-content\/uploads\/2023\/01\/2001_danzig-60.jpg?strip=info&#038;w=1024&#038;ssl=1 1024w\" alt=\"\" data-height=\"683\" data-id=\"1808\" data-link=\"https:\/\/travel.andrea-beyer.com\/?attachment_id=1808\" data-url=\"https:\/\/travel.andrea-beyer.com\/wp-content\/uploads\/2023\/01\/2001_danzig-60.jpg\" data-width=\"1024\" src=\"https:\/\/i0.wp.com\/travel.andrea-beyer.com\/wp-content\/uploads\/2023\/01\/2001_danzig-60.jpg?ssl=1\" data-amp-layout=\"responsive\"\/><\/figure><figure class=\"tiled-gallery__item\"><img decoding=\"async\" srcset=\"https:\/\/i0.wp.com\/travel.andrea-beyer.com\/wp-content\/uploads\/2023\/01\/2001_danzig-67.jpg?strip=info&#038;w=600&#038;ssl=1 600w,https:\/\/i0.wp.com\/travel.andrea-beyer.com\/wp-content\/uploads\/2023\/01\/2001_danzig-67.jpg?strip=info&#038;w=683&#038;ssl=1 683w\" alt=\"\" data-height=\"1024\" data-id=\"1809\" data-link=\"https:\/\/travel.andrea-beyer.com\/?attachment_id=1809\" data-url=\"https:\/\/travel.andrea-beyer.com\/wp-content\/uploads\/2023\/01\/2001_danzig-67.jpg\" data-width=\"683\" src=\"https:\/\/i0.wp.com\/travel.andrea-beyer.com\/wp-content\/uploads\/2023\/01\/2001_danzig-67.jpg?ssl=1\" data-amp-layout=\"responsive\"\/><\/figure><figure class=\"tiled-gallery__item\"><img decoding=\"async\" srcset=\"https:\/\/i1.wp.com\/travel.andrea-beyer.com\/wp-content\/uploads\/2023\/01\/2001_danzig-71.jpg?strip=info&#038;w=600&#038;ssl=1 600w,https:\/\/i1.wp.com\/travel.andrea-beyer.com\/wp-content\/uploads\/2023\/01\/2001_danzig-71.jpg?strip=info&#038;w=900&#038;ssl=1 900w,https:\/\/i1.wp.com\/travel.andrea-beyer.com\/wp-content\/uploads\/2023\/01\/2001_danzig-71.jpg?strip=info&#038;w=1024&#038;ssl=1 1024w\" alt=\"\" data-height=\"683\" data-id=\"1810\" data-link=\"https:\/\/travel.andrea-beyer.com\/?attachment_id=1810\" data-url=\"https:\/\/travel.andrea-beyer.com\/wp-content\/uploads\/2023\/01\/2001_danzig-71.jpg\" data-width=\"1024\" src=\"https:\/\/i1.wp.com\/travel.andrea-beyer.com\/wp-content\/uploads\/2023\/01\/2001_danzig-71.jpg?ssl=1\" data-amp-layout=\"responsive\"\/><\/figure><\/div><\/div><\/div><\/div>\n","protected":false},"excerpt":{"rendered":"<p>https:\/\/de.wikipedia.org\/wiki\/Polen Hauptstadt: Warschau Einwohner: ca. 38 Mio Sprache: Polnisch Danzig 2001 verl\u00e4ngertes Wochenende, Reiseangebot \u00fcber DJH, mein Geschenk (Hotel\u00fcbernachtungen)<\/p>\n","protected":false},"author":2,"featured_media":0,"parent":170,"menu_order":0,"comment_status":"closed","ping_status":"closed","template":"","meta":{"footnotes":""},"class_list":["post-1480","page","type-page","status-publish","hentry"],"yoast_head":"<!-- This site is optimized with the Yoast SEO plugin v27.4 - https:\/\/yoast.com\/product\/yoast-seo-wordpress\/ -->\n<title>Polen - Travel &amp; Explore<\/title>\n<meta name=\"robots\" content=\"noindex, follow, max-snippet:-1, max-image-preview:large, max-video-preview:-1\" \/>\n<meta property=\"og:locale\" content=\"de_DE\" \/>\n<meta property=\"og:type\" content=\"article\" \/>\n<meta property=\"og:title\" content=\"Polen - Travel &amp; Explore\" \/>\n<meta property=\"og:description\" content=\"https:\/\/de.wikipedia.org\/wiki\/Polen Hauptstadt: Warschau Einwohner: ca. 38 Mio Sprache: Polnisch Danzig 2001 verl\u00e4ngertes Wochenende, Reiseangebot \u00fcber DJH, mein Geschenk (Hotel\u00fcbernachtungen)\" \/>\n<meta property=\"og:url\" content=\"https:\/\/travel.andrea-beyer.com\/?page_id=1480\" \/>\n<meta property=\"og:site_name\" content=\"Travel &amp; Explore\" \/>\n<meta property=\"article:modified_time\" content=\"2023-09-05T21:51:31+00:00\" \/>\n<meta property=\"og:image\" content=\"https:\/\/i1.wp.com\/travel.andrea-beyer.com\/wp-content\/uploads\/2023\/01\/2001_danzig-1.jpg?ssl=1\" \/>\n<meta name=\"twitter:card\" content=\"summary_large_image\" \/>\n<meta name=\"twitter:label1\" content=\"Gesch\u00e4tzte Lesezeit\" \/>\n\t<meta name=\"twitter:data1\" content=\"4\u00a0Minuten\" \/>\n<script type=\"application\/ld+json\" class=\"yoast-schema-graph\">{\"@context\":\"https:\\\/\\\/schema.org\",\"@graph\":[{\"@type\":\"WebPage\",\"@id\":\"https:\\\/\\\/travel.andrea-beyer.com\\\/?page_id=1480\",\"url\":\"https:\\\/\\\/travel.andrea-beyer.com\\\/?page_id=1480\",\"name\":\"Polen - Travel &amp; Explore\",\"isPartOf\":{\"@id\":\"https:\\\/\\\/travel.andrea-beyer.com\\\/#website\"},\"primaryImageOfPage\":{\"@id\":\"https:\\\/\\\/travel.andrea-beyer.com\\\/?page_id=1480#primaryimage\"},\"image\":{\"@id\":\"https:\\\/\\\/travel.andrea-beyer.com\\\/?page_id=1480#primaryimage\"},\"thumbnailUrl\":\"https:\\\/\\\/i1.wp.com\\\/travel.andrea-beyer.com\\\/wp-content\\\/uploads\\\/2023\\\/01\\\/2001_danzig-1.jpg?ssl=1\",\"datePublished\":\"2023-01-17T21:01:34+00:00\",\"dateModified\":\"2023-09-05T21:51:31+00:00\",\"breadcrumb\":{\"@id\":\"https:\\\/\\\/travel.andrea-beyer.com\\\/?page_id=1480#breadcrumb\"},\"inLanguage\":\"de\",\"potentialAction\":[{\"@type\":\"ReadAction\",\"target\":[\"https:\\\/\\\/travel.andrea-beyer.com\\\/?page_id=1480\"]}]},{\"@type\":\"ImageObject\",\"inLanguage\":\"de\",\"@id\":\"https:\\\/\\\/travel.andrea-beyer.com\\\/?page_id=1480#primaryimage\",\"url\":\"https:\\\/\\\/i1.wp.com\\\/travel.andrea-beyer.com\\\/wp-content\\\/uploads\\\/2023\\\/01\\\/2001_danzig-1.jpg?ssl=1\",\"contentUrl\":\"https:\\\/\\\/i1.wp.com\\\/travel.andrea-beyer.com\\\/wp-content\\\/uploads\\\/2023\\\/01\\\/2001_danzig-1.jpg?ssl=1\"},{\"@type\":\"BreadcrumbList\",\"@id\":\"https:\\\/\\\/travel.andrea-beyer.com\\\/?page_id=1480#breadcrumb\",\"itemListElement\":[{\"@type\":\"ListItem\",\"position\":1,\"name\":\"Startseite\",\"item\":\"https:\\\/\\\/travel.andrea-beyer.com\\\/\"},{\"@type\":\"ListItem\",\"position\":2,\"name\":\"Europa\",\"item\":\"https:\\\/\\\/travel.andrea-beyer.com\\\/?page_id=170\"},{\"@type\":\"ListItem\",\"position\":3,\"name\":\"Polen\"}]},{\"@type\":\"WebSite\",\"@id\":\"https:\\\/\\\/travel.andrea-beyer.com\\\/#website\",\"url\":\"https:\\\/\\\/travel.andrea-beyer.com\\\/\",\"name\":\"Travel &amp; Explore\",\"description\":\"&quot;Die gef\u00e4hrlichste aller Weltanschauungen ist die der Leute, die die Welt nie angeschaut haben.&quot; - A. v. Humboldt\",\"potentialAction\":[{\"@type\":\"SearchAction\",\"target\":{\"@type\":\"EntryPoint\",\"urlTemplate\":\"https:\\\/\\\/travel.andrea-beyer.com\\\/?s={search_term_string}\"},\"query-input\":{\"@type\":\"PropertyValueSpecification\",\"valueRequired\":true,\"valueName\":\"search_term_string\"}}],\"inLanguage\":\"de\"}]}<\/script>\n<!-- \/ Yoast SEO plugin. -->","yoast_head_json":{"title":"Polen - Travel &amp; Explore","robots":{"index":"noindex","follow":"follow","max-snippet":"max-snippet:-1","max-image-preview":"max-image-preview:large","max-video-preview":"max-video-preview:-1"},"og_locale":"de_DE","og_type":"article","og_title":"Polen - Travel &amp; Explore","og_description":"https:\/\/de.wikipedia.org\/wiki\/Polen Hauptstadt: Warschau Einwohner: ca. 38 Mio Sprache: Polnisch Danzig 2001 verl\u00e4ngertes Wochenende, Reiseangebot \u00fcber DJH, mein Geschenk (Hotel\u00fcbernachtungen)","og_url":"https:\/\/travel.andrea-beyer.com\/?page_id=1480","og_site_name":"Travel &amp; Explore","article_modified_time":"2023-09-05T21:51:31+00:00","og_image":[{"url":"https:\/\/i1.wp.com\/travel.andrea-beyer.com\/wp-content\/uploads\/2023\/01\/2001_danzig-1.jpg?ssl=1","type":"","width":"","height":""}],"twitter_card":"summary_large_image","twitter_misc":{"Gesch\u00e4tzte Lesezeit":"4\u00a0Minuten"},"schema":{"@context":"https:\/\/schema.org","@graph":[{"@type":"WebPage","@id":"https:\/\/travel.andrea-beyer.com\/?page_id=1480","url":"https:\/\/travel.andrea-beyer.com\/?page_id=1480","name":"Polen - Travel &amp; Explore","isPartOf":{"@id":"https:\/\/travel.andrea-beyer.com\/#website"},"primaryImageOfPage":{"@id":"https:\/\/travel.andrea-beyer.com\/?page_id=1480#primaryimage"},"image":{"@id":"https:\/\/travel.andrea-beyer.com\/?page_id=1480#primaryimage"},"thumbnailUrl":"https:\/\/i1.wp.com\/travel.andrea-beyer.com\/wp-content\/uploads\/2023\/01\/2001_danzig-1.jpg?ssl=1","datePublished":"2023-01-17T21:01:34+00:00","dateModified":"2023-09-05T21:51:31+00:00","breadcrumb":{"@id":"https:\/\/travel.andrea-beyer.com\/?page_id=1480#breadcrumb"},"inLanguage":"de","potentialAction":[{"@type":"ReadAction","target":["https:\/\/travel.andrea-beyer.com\/?page_id=1480"]}]},{"@type":"ImageObject","inLanguage":"de","@id":"https:\/\/travel.andrea-beyer.com\/?page_id=1480#primaryimage","url":"https:\/\/i1.wp.com\/travel.andrea-beyer.com\/wp-content\/uploads\/2023\/01\/2001_danzig-1.jpg?ssl=1","contentUrl":"https:\/\/i1.wp.com\/travel.andrea-beyer.com\/wp-content\/uploads\/2023\/01\/2001_danzig-1.jpg?ssl=1"},{"@type":"BreadcrumbList","@id":"https:\/\/travel.andrea-beyer.com\/?page_id=1480#breadcrumb","itemListElement":[{"@type":"ListItem","position":1,"name":"Startseite","item":"https:\/\/travel.andrea-beyer.com\/"},{"@type":"ListItem","position":2,"name":"Europa","item":"https:\/\/travel.andrea-beyer.com\/?page_id=170"},{"@type":"ListItem","position":3,"name":"Polen"}]},{"@type":"WebSite","@id":"https:\/\/travel.andrea-beyer.com\/#website","url":"https:\/\/travel.andrea-beyer.com\/","name":"Travel &amp; Explore","description":"&quot;Die gef\u00e4hrlichste aller Weltanschauungen ist die der Leute, die die Welt nie angeschaut haben.&quot; - A. v. Humboldt","potentialAction":[{"@type":"SearchAction","target":{"@type":"EntryPoint","urlTemplate":"https:\/\/travel.andrea-beyer.com\/?s={search_term_string}"},"query-input":{"@type":"PropertyValueSpecification","valueRequired":true,"valueName":"search_term_string"}}],"inLanguage":"de"}]}},"jetpack_sharing_enabled":true,"_links":{"self":[{"href":"https:\/\/travel.andrea-beyer.com\/index.php?rest_route=\/wp\/v2\/pages\/1480","targetHints":{"allow":["GET"]}}],"collection":[{"href":"https:\/\/travel.andrea-beyer.com\/index.php?rest_route=\/wp\/v2\/pages"}],"about":[{"href":"https:\/\/travel.andrea-beyer.com\/index.php?rest_route=\/wp\/v2\/types\/page"}],"author":[{"embeddable":true,"href":"https:\/\/travel.andrea-beyer.com\/index.php?rest_route=\/wp\/v2\/users\/2"}],"replies":[{"embeddable":true,"href":"https:\/\/travel.andrea-beyer.com\/index.php?rest_route=%2Fwp%2Fv2%2Fcomments&post=1480"}],"version-history":[{"count":6,"href":"https:\/\/travel.andrea-beyer.com\/index.php?rest_route=\/wp\/v2\/pages\/1480\/revisions"}],"predecessor-version":[{"id":5517,"href":"https:\/\/travel.andrea-beyer.com\/index.php?rest_route=\/wp\/v2\/pages\/1480\/revisions\/5517"}],"up":[{"embeddable":true,"href":"https:\/\/travel.andrea-beyer.com\/index.php?rest_route=\/wp\/v2\/pages\/170"}],"wp:attachment":[{"href":"https:\/\/travel.andrea-beyer.com\/index.php?rest_route=%2Fwp%2Fv2%2Fmedia&parent=1480"}],"curies":[{"name":"wp","href":"https:\/\/api.w.org\/{rel}","templated":true}]}}